{"id":62,"date":"2018-12-04T08:32:28","date_gmt":"2018-12-04T08:32:28","guid":{"rendered":"https:\/\/neu.alteri.net\/?page_id=62"},"modified":"2026-01-13T20:20:56","modified_gmt":"2026-01-13T20:20:56","slug":"approche","status":"publish","type":"page","link":"https:\/\/www.alteri.net\/fr\/approche\/","title":{"rendered":"Approche"},"content":{"rendered":"<div id='full_slider_1'  class='avia-fullwidth-slider main_color avia-shadow   avia-builder-el-0  el_before_av_section  avia-builder-el-first   container_wrap fullsize'  >\n<style type=\"text\/css\" data-created_by=\"avia_inline_auto\" id=\"style-css-av-jp9ulh1f-7d4f51ae5a03a304a0ebd500fa15d5ec\">\n.avia-slideshow.av-jp9ulh1f-7d4f51ae5a03a304a0ebd500fa15d5ec .av-image-copyright{\ncolor:#ffffff;\n}\n<\/style>\n<div  class='avia-slideshow av-jp9ulh1f-7d4f51ae5a03a304a0ebd500fa15d5ec avia-slideshow-featured_large av_slideshow_full avia-slide-slider av-slideshow-ui av-control-default av-slideshow-autoplay av-loop-endless av-loop-manual-endless av-default-height-applied   avia-slideshow-1' data-slideshow-options=\"{&quot;animation&quot;:&quot;slide&quot;,&quot;autoplay&quot;:true,&quot;loop_autoplay&quot;:&quot;endless&quot;,&quot;interval&quot;:5,&quot;loop_manual&quot;:&quot;manual-endless&quot;,&quot;autoplay_stopper&quot;:false,&quot;noNavigation&quot;:false,&quot;bg_slider&quot;:false,&quot;keep_padding&quot;:false,&quot;hoverpause&quot;:false,&quot;show_slide_delay&quot;:0}\"  itemprop=\"image\" itemscope=\"itemscope\" itemtype=\"https:\/\/schema.org\/ImageObject\" ><ul class='avia-slideshow-inner ' style='padding-bottom: 42%;'><li  class='avia-slideshow-slide av-jp9ulh1f-7d4f51ae5a03a304a0ebd500fa15d5ec__0  slide-1 slide-odd'><div data-rel='slideshow-1' class='avia-slide-wrap '   ><img decoding=\"async\" fetchpriority=\"high\" class=\"wp-image-2159 avia-img-lazy-loading-not-2159\"  src=\"https:\/\/www.alteri.net\/wp-content\/uploads\/2026\/01\/Marie_Flipchart.jpg\" width=\"1500\" height=\"630\" title='17 Sep 2025 - Brussels, Belgium - \u00a9 Bernal Revert\/ BR&amp;U' alt=''  itemprop=\"thumbnailUrl\" srcset=\"https:\/\/www.alteri.net\/wp-content\/uploads\/2026\/01\/Marie_Flipchart.jpg 1500w, https:\/\/www.alteri.net\/wp-content\/uploads\/2026\/01\/Marie_Flipchart-300x126.jpg 300w, https:\/\/www.alteri.net\/wp-content\/uploads\/2026\/01\/Marie_Flipchart-1030x433.jpg 1030w, https:\/\/www.alteri.net\/wp-content\/uploads\/2026\/01\/Marie_Flipchart-768x323.jpg 768w, https:\/\/www.alteri.net\/wp-content\/uploads\/2026\/01\/Marie_Flipchart-705x296.jpg 705w\" sizes=\"(max-width: 1500px) 100vw, 1500px\" \/><\/div><\/li><li  class='avia-slideshow-slide av-jp9ulh1f-7d4f51ae5a03a304a0ebd500fa15d5ec__1  slide-2 slide-even'><div data-rel='slideshow-1' class='avia-slide-wrap '   ><img decoding=\"async\" fetchpriority=\"high\" class=\"wp-image-2153 avia-img-lazy-loading-not-2153\"  src=\"https:\/\/www.alteri.net\/wp-content\/uploads\/2026\/01\/Marie_Brussels.jpg\" width=\"1500\" height=\"630\" title='15 Sep 2025 - Brussels, Belgium - \u00a9 Bernal Revert\/ BR&amp;U' alt=''  itemprop=\"thumbnailUrl\" srcset=\"https:\/\/www.alteri.net\/wp-content\/uploads\/2026\/01\/Marie_Brussels.jpg 1500w, https:\/\/www.alteri.net\/wp-content\/uploads\/2026\/01\/Marie_Brussels-300x126.jpg 300w, https:\/\/www.alteri.net\/wp-content\/uploads\/2026\/01\/Marie_Brussels-1030x433.jpg 1030w, https:\/\/www.alteri.net\/wp-content\/uploads\/2026\/01\/Marie_Brussels-768x323.jpg 768w, https:\/\/www.alteri.net\/wp-content\/uploads\/2026\/01\/Marie_Brussels-705x296.jpg 705w\" sizes=\"(max-width: 1500px) 100vw, 1500px\" \/><\/div><\/li><li  class='avia-slideshow-slide av-jp9ulh1f-7d4f51ae5a03a304a0ebd500fa15d5ec__2  slide-3 slide-odd'><div data-rel='slideshow-1' class='avia-slide-wrap '   ><img decoding=\"async\" fetchpriority=\"high\" class=\"wp-image-1296 avia-img-lazy-loading-not-1296\"  src=\"https:\/\/www.alteri.net\/wp-content\/uploads\/2023\/02\/SEWOH-Konferenz-1500x630.jpg\" width=\"1500\" height=\"630\" title='SEWOH-Konferenz' alt=''  itemprop=\"thumbnailUrl\"   \/><\/div><\/li><li  class='avia-slideshow-slide av-jp9ulh1f-7d4f51ae5a03a304a0ebd500fa15d5ec__3  slide-4 slide-even'><div data-rel='slideshow-1' class='avia-slide-wrap '   ><img decoding=\"async\" fetchpriority=\"high\" class=\"wp-image-1329 avia-img-lazy-loading-not-1329\"  src=\"https:\/\/www.alteri.net\/wp-content\/uploads\/2023\/02\/ANPEJ-1500x630.jpg\" width=\"1500\" height=\"630\" title='ANPEJ' alt=''  itemprop=\"thumbnailUrl\"   \/><\/div><\/li><\/ul><div class='avia-slideshow-arrows avia-slideshow-controls' ><a href='#prev' class='prev-slide  avia-svg-icon avia-font-svg_entypo-fontello' data-av_svg_icon='left-open-big' data-av_iconset='svg_entypo-fontello' tabindex='-1' title=\"Pr\u00e9c\u00e9dent\"><svg version=\"1.1\" xmlns=\"http:\/\/www.w3.org\/2000\/svg\" width=\"15\" height=\"32\" viewBox=\"0 0 15 32\" preserveAspectRatio=\"xMidYMid meet\" aria-labelledby='av-svg-title-1' aria-describedby='av-svg-desc-1' role=\"graphics-symbol\" aria-hidden=\"true\">\n<title id='av-svg-title-1'>Pr\u00e9c\u00e9dent<\/title>\n<desc id='av-svg-desc-1'>Pr\u00e9c\u00e9dent<\/desc>\n<path d=\"M14.464 27.84q0.832 0.832 0 1.536-0.832 0.832-1.536 0l-12.544-12.608q-0.768-0.768 0-1.6l12.544-12.608q0.704-0.832 1.536 0 0.832 0.704 0 1.536l-11.456 11.904z\"><\/path>\n<\/svg><span class='avia_hidden_link_text'>Pr\u00e9c\u00e9dent<\/span><\/a><a href='#next' class='next-slide  avia-svg-icon avia-font-svg_entypo-fontello' data-av_svg_icon='right-open-big' data-av_iconset='svg_entypo-fontello' tabindex='-1' title=\"Suivant\"><svg version=\"1.1\" xmlns=\"http:\/\/www.w3.org\/2000\/svg\" width=\"15\" height=\"32\" viewBox=\"0 0 15 32\" preserveAspectRatio=\"xMidYMid meet\" aria-labelledby='av-svg-title-2' aria-describedby='av-svg-desc-2' role=\"graphics-symbol\" aria-hidden=\"true\">\n<title id='av-svg-title-2'>Suivant<\/title>\n<desc id='av-svg-desc-2'>Suivant<\/desc>\n<path d=\"M0.416 27.84l11.456-11.84-11.456-11.904q-0.832-0.832 0-1.536 0.832-0.832 1.536 0l12.544 12.608q0.768 0.832 0 1.6l-12.544 12.608q-0.704 0.832-1.536 0-0.832-0.704 0-1.536z\"><\/path>\n<\/svg><span class='avia_hidden_link_text'>Suivant<\/span><\/a><\/div><div class='avia-slideshow-dots avia-slideshow-controls'><a href='#1' class='goto-slide active' >1<\/a><a href='#2' class='goto-slide ' >2<\/a><a href='#3' class='goto-slide ' >3<\/a><a href='#4' class='goto-slide ' >4<\/a><\/div><\/div><\/div>\n<div id='av_section_1'  class='avia-section av-zbf3-13ee0050653680323c9923c4d2691db7 main_color avia-section-default avia-no-border-styling  avia-builder-el-1  el_after_av_slideshow_full  avia-builder-el-last  avia-bg-style-scroll container_wrap fullsize'  ><div class='container av-section-cont-open' ><div class='template-page content  av-content-full alpha units'><div class='post-entry post-entry-type-page post-entry-62'><div class='entry-content-wrapper clearfix'>\n\n<style type=\"text\/css\" data-created_by=\"avia_inline_auto\" id=\"style-css-av-qh4r-1a9f3b46260d56b7fff5f6882b47f4e2\">\n#top .av-special-heading.av-qh4r-1a9f3b46260d56b7fff5f6882b47f4e2{\npadding-bottom:10px;\n}\nbody .av-special-heading.av-qh4r-1a9f3b46260d56b7fff5f6882b47f4e2 .av-special-heading-tag .heading-char{\nfont-size:25px;\n}\n.av-special-heading.av-qh4r-1a9f3b46260d56b7fff5f6882b47f4e2 .av-subheading{\nfont-size:15px;\n}\n<\/style>\n<div  class='av-special-heading av-qh4r-1a9f3b46260d56b7fff5f6882b47f4e2 av-special-heading-h1 blockquote modern-quote  avia-builder-el-2  el_before_av_textblock  avia-builder-el-first '><h1 class='av-special-heading-tag '  itemprop=\"headline\"  >Comment nous travaillons<\/h1><div class=\"special-heading-border\"><div class=\"special-heading-inner-border\"><\/div><\/div><\/div>\n<section  class='av_textblock_section av-jpihw04l-26db6456c0ab0d48d84da67785bec46d '   itemscope=\"itemscope\" itemtype=\"https:\/\/schema.org\/CreativeWork\" ><div class='avia_textblock'  itemprop=\"text\" ><p><img loading=\"lazy\" decoding=\"async\" class=\"alignnone wp-image-26\" src=\"https:\/\/www.alteri.net\/wp-content\/uploads\/2018\/12\/Alteri_favicon.png\" alt=\"\" width=\"14\" height=\"14\" srcset=\"https:\/\/www.alteri.net\/wp-content\/uploads\/2018\/12\/Alteri_favicon.png 67w, https:\/\/www.alteri.net\/wp-content\/uploads\/2018\/12\/Alteri_favicon-36x36.png 36w\" sizes=\"auto, (max-width: 14px) 100vw, 14px\" \/>lteri compte plus de 30 ans d\u2019exp\u00e9rience dans des projets internationaux. Chaque jour nous enseigne quelque chose de nouveau, nous allons vers chaque rencontre avec le m\u00eame int\u00e9r\u00eat et esprit d\u2019ouverture.<\/p>\n<p>Ensemble nous \u00e9voluons toujours avec nos projets.<\/p>\n<p>Ensemble, nous construisons notre savoir et savoir-faire. Ensemble, nous mettons en place des processus. C\u2019est ainsi que nous peaufinons sans cesse nos actions.<\/p>\n<p>Nous nous rencontrons lors de processus de travail inter- et transculturels. Appr\u00e9ciation mutuelle, respect et ouverture \u00e0 l\u2019autre sont les principes qui guident notre travail. D\u2019o\u00f9 la n\u00e9cessit\u00e9 de souvent repenser nos positions. Mobiliser les ressources qui sont en nous comme chez les autres devient alors possible.<\/p>\n<p><img loading=\"lazy\" decoding=\"async\" class=\"alignnone wp-image-26\" src=\"https:\/\/www.alteri.net\/wp-content\/uploads\/2018\/12\/Alteri_favicon.png\" alt=\"\" width=\"14\" height=\"14\" srcset=\"https:\/\/www.alteri.net\/wp-content\/uploads\/2018\/12\/Alteri_favicon.png 67w, https:\/\/www.alteri.net\/wp-content\/uploads\/2018\/12\/Alteri_favicon-36x36.png 36w\" sizes=\"auto, (max-width: 14px) 100vw, 14px\" \/>lteri travaille en allemand, fran\u00e7ais, anglais et espagnol. Se comprendre demande plus que des connaissances linguistiques. En effet, chaque rencontre repose sur la d\u00e9couverte d\u2019une langue commune.<\/p>\n<p>La lutte contre le r\u00e9chauffement climatique et la ma\u00eetrise de la num\u00e9risation sont \u00e0 la fois une obligation et une motivation pour nous. C\u2019est pourquoi nous proposons nos services en ligne chaque fois que cela est faisable et utile. Nous nous demandons toujours : n\u2019est-il pas plus judicieux de fournir cette formation de mani\u00e8re virtuelle ? Pouvons-nous \u00e9galement \u00e9valuer ce projet \u00e0 distance ou en \u00e9quipe avec des coll\u00e8gues sur place ?<\/p>\n<p>Dans la mesure du possible, nous \u00e9vitons les vols et les d\u00e9placements en voiture et utilisons des alternatives plus \u00e9cologiques. Notre bureau est approvisionn\u00e9 \u00e0 100% en \u00e9lectricit\u00e9 provenant de sources d\u2019\u00e9nergie renouvelables.<\/p>\n<\/div><\/section>\n\n","protected":false},"excerpt":{"rendered":"","protected":false},"author":3,"featured_media":0,"parent":0,"menu_order":0,"comment_status":"closed","ping_status":"closed","template":"","meta":{"footnotes":""},"class_list":["post-62","page","type-page","status-publish","hentry"],"_links":{"self":[{"href":"https:\/\/www.alteri.net\/fr\/wp-json\/wp\/v2\/pages\/62","targetHints":{"allow":["GET"]}}],"collection":[{"href":"https:\/\/www.alteri.net\/fr\/wp-json\/wp\/v2\/pages"}],"about":[{"href":"https:\/\/www.alteri.net\/fr\/wp-json\/wp\/v2\/types\/page"}],"author":[{"embeddable":true,"href":"https:\/\/www.alteri.net\/fr\/wp-json\/wp\/v2\/users\/3"}],"replies":[{"embeddable":true,"href":"https:\/\/www.alteri.net\/fr\/wp-json\/wp\/v2\/comments?post=62"}],"version-history":[{"count":100,"href":"https:\/\/www.alteri.net\/fr\/wp-json\/wp\/v2\/pages\/62\/revisions"}],"predecessor-version":[{"id":2283,"href":"https:\/\/www.alteri.net\/fr\/wp-json\/wp\/v2\/pages\/62\/revisions\/2283"}],"wp:attachment":[{"href":"https:\/\/www.alteri.net\/fr\/wp-json\/wp\/v2\/media?parent=62"}],"curies":[{"name":"wp","href":"https:\/\/api.w.org\/{rel}","templated":true}]}}