{"id":2267,"date":"2026-01-13T19:11:53","date_gmt":"2026-01-13T19:11:53","guid":{"rendered":"https:\/\/www.alteri.net\/mentions-legales\/"},"modified":"2026-01-13T19:11:54","modified_gmt":"2026-01-13T19:11:54","slug":"mentions-legales","status":"publish","type":"page","link":"https:\/\/www.alteri.net\/fr\/mentions-legales\/","title":{"rendered":"Mentions l\u00e9gales"},"content":{"rendered":"\n<style type=\"text\/css\" data-created_by=\"avia_inline_auto\" id=\"style-css-av-miks5920-020118a61d0211d1d5268e5f1ba0693c\">\n#top .av-special-heading.av-miks5920-020118a61d0211d1d5268e5f1ba0693c{\npadding-bottom:10px;\n}\nbody .av-special-heading.av-miks5920-020118a61d0211d1d5268e5f1ba0693c .av-special-heading-tag .heading-char{\nfont-size:25px;\n}\n.av-special-heading.av-miks5920-020118a61d0211d1d5268e5f1ba0693c .av-subheading{\nfont-size:15px;\n}\n<\/style>\n<div  class='av-special-heading av-miks5920-020118a61d0211d1d5268e5f1ba0693c av-special-heading-h1  avia-builder-el-0  el_before_av_textblock  avia-builder-el-first '><h1 class='av-special-heading-tag '  itemprop=\"headline\"  >Mentions l\u00e9gales<\/h1><div class=\"special-heading-border\"><div class=\"special-heading-inner-border\"><\/div><\/div><\/div>\n<section  class='av_textblock_section av-miksdml2-e18e82a29d620dfc644f8782a4d25025 '   itemscope=\"itemscope\" itemtype=\"https:\/\/schema.org\/CreativeWork\" ><div class='avia_textblock'  itemprop=\"text\" ><h2>Informations selon \u00a7 5 TMG<\/h2>\n<p><img loading=\"lazy\" decoding=\"async\" class=\"alignnone wp-image-26\" src=\"https:\/\/www.alteri.net\/wp-content\/uploads\/2018\/12\/Alteri_favicon.png\" alt=\"\" width=\"14\" height=\"14\" srcset=\"https:\/\/www.alteri.net\/wp-content\/uploads\/2018\/12\/Alteri_favicon.png 67w, https:\/\/www.alteri.net\/wp-content\/uploads\/2018\/12\/Alteri_favicon-36x36.png 36w\" sizes=\"auto, (max-width: 14px) 100vw, 14px\" \/>lteri cross cultural projects<br \/>\nAn der Tiefburg 3<br \/>\n69121 Heidelberg<\/p>\n<h2>Contact<\/h2>\n<p>T\u00e9l. : +49 (0)173 84 84 787<br \/>\nCourrier \u00e9lectronique : info@alteri.net<\/p>\n<h2>Num\u00e9ro de TVA intracommunautaire<\/h2>\n<p>Num\u00e9ro de TVA intracommunautaire conform\u00e9ment au \u00a727 a de la Loi relative \u00e0 la taxe sur la valeur ajout\u00e9e (Allemagne) : DE242954255<\/p>\n<h2>R\u00e8glement des litiges<\/h2>\n<p>La Commission europ\u00e9enne met \u00e0 disposition une plateforme de r\u00e8glement en ligne des litiges (RLL) : https:\/\/ec.europa.eu\/consumers\/odr.<br \/>\nVous trouverez notre adresse e-mail en haut dans les mentions l\u00e9gales.<\/p>\n<p>Nous ne sommes pas pr\u00eats ou oblig\u00e9s de participer \u00e0 des proc\u00e9dures de r\u00e8glement des litiges devant un organisme de conciliation des consommateurs.<\/p>\n<h2>Responsabilit\u00e9 du contenu<\/h2>\n<p>En tant que prestataire de services, nous sommes responsables de nos propres contenus sur ces pages conform\u00e9ment \u00e0 l&rsquo;article 7, paragraphe 1, de la loi allemande sur les t\u00e9l\u00e9m\u00e9dias (TMG).  Selon les \u00a7\u00a7 8 \u00e0 10 de la TMG, nous ne sommes toutefois pas tenus, en tant que prestataire de services, de surveiller les informations externes transmises ou enregistr\u00e9es ou de rechercher des circonstances indiquant une activit\u00e9 ill\u00e9gale.<\/p>\n<p>Les obligations de supprimer ou de bloquer l&rsquo;utilisation d&rsquo;informations conform\u00e9ment aux lois g\u00e9n\u00e9rales restent inchang\u00e9es. Une responsabilit\u00e9 \u00e0 cet \u00e9gard n&rsquo;est toutefois possible qu&rsquo;\u00e0 partir du moment o\u00f9 nous prenons connaissance d&rsquo;une violation concr\u00e8te de la loi. D\u00e8s que nous aurons connaissance de telles violations, nous retirerons imm\u00e9diatement ces contenus.<\/p>\n<h2>Responsabilit\u00e9 pour les liens<\/h2>\n<p>Notre offre contient des liens vers des sites web externes de tiers, sur le contenu desquels nous n&rsquo;avons aucune influence. C&rsquo;est pourquoi nous ne pouvons pas non plus nous porter garants de ces contenus \u00e9trangers. Le fournisseur ou l&rsquo;exploitant respectif des pages li\u00e9es est toujours responsable du contenu de ces pages. Les pages li\u00e9es ont \u00e9t\u00e9 v\u00e9rifi\u00e9es au moment de la cr\u00e9ation du lien afin de s&rsquo;assurer qu&rsquo;elles n&rsquo;enfreignaient pas la loi. Aucun contenu ill\u00e9gal n&rsquo;a \u00e9t\u00e9 identifi\u00e9 au moment de la cr\u00e9ation des liens.<\/p>\n<p>Un contr\u00f4le permanent du contenu des pages li\u00e9es n&rsquo;est toutefois pas exigible sans indices concrets d&rsquo;une violation de la loi. D\u00e8s que nous aurons connaissance de violations de la loi, nous supprimerons imm\u00e9diatement de tels liens.<\/p>\n<h2>Droit d&rsquo;auteur<\/h2>\n<p>Les contenus et \u0153uvres cr\u00e9\u00e9s par les exploitants de ces pages sont soumis au droit d&rsquo;auteur allemand. La reproduction, le traitement, la diffusion et toute forme d&rsquo;exploitation en dehors des limites du droit d&rsquo;auteur requi\u00e8rent l&rsquo;accord \u00e9crit de l&rsquo;auteur ou du cr\u00e9ateur concern\u00e9. Les t\u00e9l\u00e9chargements et les copies de cette page ne sont autoris\u00e9s que pour un usage priv\u00e9 et non commercial.<\/p>\n<p>Dans la mesure o\u00f9 les contenus de ce site n&rsquo;ont pas \u00e9t\u00e9 cr\u00e9\u00e9s par les exploitants, les droits d&rsquo;auteur de tiers sont respect\u00e9s. En particulier, les contenus de tiers sont identifi\u00e9s comme tels. Si vous deviez n\u00e9anmoins constater une violation des droits d&rsquo;auteur, nous vous prions de nous en informer. D\u00e8s que nous aurons connaissance d&rsquo;une violation de la loi, nous supprimerons imm\u00e9diatement de tels contenus.<\/p>\n<\/div><\/section>\n","protected":false},"excerpt":{"rendered":"","protected":false},"author":3,"featured_media":0,"parent":0,"menu_order":0,"comment_status":"closed","ping_status":"closed","template":"","meta":{"footnotes":""},"class_list":["post-2267","page","type-page","status-publish","hentry"],"_links":{"self":[{"href":"https:\/\/www.alteri.net\/fr\/wp-json\/wp\/v2\/pages\/2267","targetHints":{"allow":["GET"]}}],"collection":[{"href":"https:\/\/www.alteri.net\/fr\/wp-json\/wp\/v2\/pages"}],"about":[{"href":"https:\/\/www.alteri.net\/fr\/wp-json\/wp\/v2\/types\/page"}],"author":[{"embeddable":true,"href":"https:\/\/www.alteri.net\/fr\/wp-json\/wp\/v2\/users\/3"}],"replies":[{"embeddable":true,"href":"https:\/\/www.alteri.net\/fr\/wp-json\/wp\/v2\/comments?post=2267"}],"version-history":[{"count":2,"href":"https:\/\/www.alteri.net\/fr\/wp-json\/wp\/v2\/pages\/2267\/revisions"}],"predecessor-version":[{"id":2269,"href":"https:\/\/www.alteri.net\/fr\/wp-json\/wp\/v2\/pages\/2267\/revisions\/2269"}],"wp:attachment":[{"href":"https:\/\/www.alteri.net\/fr\/wp-json\/wp\/v2\/media?parent=2267"}],"curies":[{"name":"wp","href":"https:\/\/api.w.org\/{rel}","templated":true}]}}