{"id":2003,"date":"2023-12-15T11:12:16","date_gmt":"2023-12-15T11:12:16","guid":{"rendered":"https:\/\/www.alteri.net\/mediation\/"},"modified":"2023-12-15T11:12:17","modified_gmt":"2023-12-15T11:12:17","slug":"mediation","status":"publish","type":"page","link":"https:\/\/www.alteri.net\/fr\/mediation\/","title":{"rendered":"M\u00e9diation"},"content":{"rendered":"\n<style type=\"text\/css\" data-created_by=\"avia_inline_auto\" id=\"style-css-av-eof0b-8318e5bf256a2799ebb6a5fc774d275e\">\n.flex_column.av-eof0b-8318e5bf256a2799ebb6a5fc774d275e{\nborder-radius:0px 0px 0px 0px;\npadding:0px 0px 0px 0px;\n}\n<\/style>\n<div  class='flex_column av-eof0b-8318e5bf256a2799ebb6a5fc774d275e av_two_fifth  avia-builder-el-0  avia-builder-el-no-sibling  first flex_column_div av-zero-column-padding  '     ><section  class='av_textblock_section av-9h03f-fcc04271e60176abcc53ce1bd30a907f '   itemscope=\"itemscope\" itemtype=\"https:\/\/schema.org\/CreativeWork\" ><div class='avia_textblock'  itemprop=\"text\" ><h3><strong>M\u00e9diation<\/strong><\/h3>\n<p>Nous vous proposons des m\u00e9diations interculturelles pour diff\u00e9rents groupes cibles par des m\u00e9diateurs.trices certifi\u00e9.e.s : M\u00e9diation de conflits au sein des organisations (m\u00e9diation de conflits entre individus, au sein d&rsquo;\u00e9quipes ou entre collaborateurs de diff\u00e9rents niveaux hi\u00e9rarchiques) et m\u00e9diation familiale dans un contexte interculturel.<\/p>\n<p>La m\u00e9diation interculturelle est un processus tr\u00e8s structur\u00e9 qui commence par une clarification du mandat et se termine par un accord contraignant. Nous vous assurons une discr\u00e9tion absolue, c&rsquo;est pourquoi vous ne trouverez pas d&rsquo;exemples de notre travail ici.<\/p>\n<\/div><\/section><\/div>\n","protected":false},"excerpt":{"rendered":"","protected":false},"author":3,"featured_media":0,"parent":0,"menu_order":0,"comment_status":"closed","ping_status":"closed","template":"","meta":{"footnotes":""},"class_list":["post-2003","page","type-page","status-publish","hentry"],"_links":{"self":[{"href":"https:\/\/www.alteri.net\/fr\/wp-json\/wp\/v2\/pages\/2003","targetHints":{"allow":["GET"]}}],"collection":[{"href":"https:\/\/www.alteri.net\/fr\/wp-json\/wp\/v2\/pages"}],"about":[{"href":"https:\/\/www.alteri.net\/fr\/wp-json\/wp\/v2\/types\/page"}],"author":[{"embeddable":true,"href":"https:\/\/www.alteri.net\/fr\/wp-json\/wp\/v2\/users\/3"}],"replies":[{"embeddable":true,"href":"https:\/\/www.alteri.net\/fr\/wp-json\/wp\/v2\/comments?post=2003"}],"version-history":[{"count":5,"href":"https:\/\/www.alteri.net\/fr\/wp-json\/wp\/v2\/pages\/2003\/revisions"}],"predecessor-version":[{"id":2008,"href":"https:\/\/www.alteri.net\/fr\/wp-json\/wp\/v2\/pages\/2003\/revisions\/2008"}],"wp:attachment":[{"href":"https:\/\/www.alteri.net\/fr\/wp-json\/wp\/v2\/media?parent=2003"}],"curies":[{"name":"wp","href":"https:\/\/api.w.org\/{rel}","templated":true}]}}