{"id":1994,"date":"2023-12-15T11:04:02","date_gmt":"2023-12-15T11:04:02","guid":{"rendered":"https:\/\/www.alteri.net\/visites_detude\/"},"modified":"2023-12-15T11:04:04","modified_gmt":"2023-12-15T11:04:04","slug":"visites_detude","status":"publish","type":"page","link":"https:\/\/www.alteri.net\/fr\/visites_detude\/","title":{"rendered":"visites_d&rsquo;\u00e9tude"},"content":{"rendered":"\n<style type=\"text\/css\" data-created_by=\"avia_inline_auto\" id=\"style-css-av-eof0b-8318e5bf256a2799ebb6a5fc774d275e\">\n.flex_column.av-eof0b-8318e5bf256a2799ebb6a5fc774d275e{\nborder-radius:0px 0px 0px 0px;\npadding:0px 0px 0px 0px;\n}\n<\/style>\n<div  class='flex_column av-eof0b-8318e5bf256a2799ebb6a5fc774d275e av_two_fifth  avia-builder-el-0  avia-builder-el-no-sibling  first flex_column_div av-zero-column-padding  '     ><section  class='av_textblock_section av-9h03f-26b79acf804a30f503859472838092e8 '   itemscope=\"itemscope\" itemtype=\"https:\/\/schema.org\/CreativeWork\" ><div class='avia_textblock'  itemprop=\"text\" ><h4>Visites d&rsquo;\u00e9tudes<\/h4>\n<p><strong>alteri <\/strong>vous soutient dans la conception, l&rsquo;accompagnement logistique, la facilitation et la gestion financi\u00e8re de voyages d&rsquo;\u00e9tudes pour des partenaires de la coop\u00e9ration allemande au d\u00e9veloppement. Si vous en avez besoin, nous proposons \u00e9galement des ateliers strat\u00e9giques au cours des voyages d&rsquo;\u00e9tude afin de transformer les connaissances acquises en strat\u00e9gies de mise en \u0153uvre pratiques au niveau du projet.<\/p>\n<p>Voici quelques exemples r\u00e9cents de notre travail :<\/p>\n<ul>\n<li>l&rsquo;accompagnement d&rsquo;un voyage d&rsquo;\u00e9tude sur la transition \u00e9nerg\u00e9tique en Allemagne avec une d\u00e9l\u00e9gation de haut niveau de diff\u00e9rents pays d&rsquo;Afrique de l&rsquo;Ouest<\/li>\n<li>la transmission d&rsquo;un aper\u00e7u pratique du syst\u00e8me de formation en alternance allemand pour les parties prenantes des institutions de formation professionnelle palestiniennes<\/li>\n<\/ul>\n<\/div><\/section><\/div>\n","protected":false},"excerpt":{"rendered":"","protected":false},"author":3,"featured_media":0,"parent":0,"menu_order":0,"comment_status":"closed","ping_status":"closed","template":"","meta":{"footnotes":""},"class_list":["post-1994","page","type-page","status-publish","hentry"],"_links":{"self":[{"href":"https:\/\/www.alteri.net\/fr\/wp-json\/wp\/v2\/pages\/1994","targetHints":{"allow":["GET"]}}],"collection":[{"href":"https:\/\/www.alteri.net\/fr\/wp-json\/wp\/v2\/pages"}],"about":[{"href":"https:\/\/www.alteri.net\/fr\/wp-json\/wp\/v2\/types\/page"}],"author":[{"embeddable":true,"href":"https:\/\/www.alteri.net\/fr\/wp-json\/wp\/v2\/users\/3"}],"replies":[{"embeddable":true,"href":"https:\/\/www.alteri.net\/fr\/wp-json\/wp\/v2\/comments?post=1994"}],"version-history":[{"count":5,"href":"https:\/\/www.alteri.net\/fr\/wp-json\/wp\/v2\/pages\/1994\/revisions"}],"predecessor-version":[{"id":1999,"href":"https:\/\/www.alteri.net\/fr\/wp-json\/wp\/v2\/pages\/1994\/revisions\/1999"}],"wp:attachment":[{"href":"https:\/\/www.alteri.net\/fr\/wp-json\/wp\/v2\/media?parent=1994"}],"curies":[{"name":"wp","href":"https:\/\/api.w.org\/{rel}","templated":true}]}}