{"id":1982,"date":"2023-12-15T10:56:36","date_gmt":"2023-12-15T10:56:36","guid":{"rendered":"https:\/\/www.alteri.net\/formation\/"},"modified":"2026-01-18T13:04:07","modified_gmt":"2026-01-18T13:04:07","slug":"formation","status":"publish","type":"page","link":"https:\/\/www.alteri.net\/fr\/formation\/","title":{"rendered":"Formation"},"content":{"rendered":"\n<style type=\"text\/css\" data-created_by=\"avia_inline_auto\" id=\"style-css-av-eof0b-8318e5bf256a2799ebb6a5fc774d275e\">\n.flex_column.av-eof0b-8318e5bf256a2799ebb6a5fc774d275e{\nborder-radius:0px 0px 0px 0px;\npadding:0px 0px 0px 0px;\n}\n<\/style>\n<div  class='flex_column av-eof0b-8318e5bf256a2799ebb6a5fc774d275e av_two_fifth  avia-builder-el-0  avia-builder-el-no-sibling  first flex_column_div av-zero-column-padding  '     ><section  class='av_textblock_section av-9h03f-c9f03f890492b516316c6e8d3ea54219 '   itemscope=\"itemscope\" itemtype=\"https:\/\/schema.org\/CreativeWork\" ><div class='avia_textblock'  itemprop=\"text\" ><h3>Formation<\/h3>\n<p>Nous concevons diff\u00e9rentes formes de formations et les mettons en \u0153uvre nous-m\u00eames. Notre objectif est toujours de d\u00e9velopper les comp\u00e9tences professionnelles, techniques et personnelles des participants. Nos formations s&rsquo;adressent principalement aux \u00e9quipes et aux cadres des organisations gouvernementales, priv\u00e9es et de la soci\u00e9t\u00e9 civile qui travaillent sur la coop\u00e9ration au d\u00e9veloppement.<\/p>\n<p>Nous disposons d&rsquo;un large r\u00e9pertoire de m\u00e9thodes \u00e9prouv\u00e9es qui font de nos formations en ligne et pr\u00e9sentielles une exp\u00e9rience profitable et divertissante. Nous proposons nos services de formation en fran\u00e7ais, en allemand et en anglais.<\/p>\n<p>Voici quelques exemples r\u00e9cents de notre travail :<\/p>\n<ul>\n<li>Formations sur mesure pour les programmes de coop\u00e9ration au d\u00e9veloppement, par exemple sur la n\u00e9gociation et la facilitation ou sur la mise en \u0153uvre de programmes ax\u00e9e sur le genre<\/li>\n<li><a href=\"https:\/\/www.poverty-inequality.com\/online-training-leave-no-one-behind\/\">Formation en ligne sur le principe <em>Leave No-One Behind<\/em><\/a> pour le compte de la GIZ GmbH<\/li>\n<li>Formations pour le personnel de la GIZ GmbH sur les th\u00e8mes <em>Empowering Women for Leadership<\/em>, Communication et pilotage d&rsquo;\u00e9quipes ainsi que Comp\u00e9tences de conseil<\/li>\n<li>Formations aux m\u00e9thodes de participation des parties prenantes et \u00e0 la planification de projets ax\u00e9s sur les r\u00e9sultats dans les partenariats municipaux<\/li>\n<li>Formations aux m\u00e9thodes de conseil pour les conseillers en orientation professionnelle au S\u00e9n\u00e9gal<\/li>\n<\/ul>\n<\/div><\/section><\/div>\n","protected":false},"excerpt":{"rendered":"","protected":false},"author":3,"featured_media":0,"parent":0,"menu_order":0,"comment_status":"closed","ping_status":"closed","template":"","meta":{"footnotes":""},"class_list":["post-1982","page","type-page","status-publish","hentry"],"_links":{"self":[{"href":"https:\/\/www.alteri.net\/fr\/wp-json\/wp\/v2\/pages\/1982","targetHints":{"allow":["GET"]}}],"collection":[{"href":"https:\/\/www.alteri.net\/fr\/wp-json\/wp\/v2\/pages"}],"about":[{"href":"https:\/\/www.alteri.net\/fr\/wp-json\/wp\/v2\/types\/page"}],"author":[{"embeddable":true,"href":"https:\/\/www.alteri.net\/fr\/wp-json\/wp\/v2\/users\/3"}],"replies":[{"embeddable":true,"href":"https:\/\/www.alteri.net\/fr\/wp-json\/wp\/v2\/comments?post=1982"}],"version-history":[{"count":7,"href":"https:\/\/www.alteri.net\/fr\/wp-json\/wp\/v2\/pages\/1982\/revisions"}],"predecessor-version":[{"id":2315,"href":"https:\/\/www.alteri.net\/fr\/wp-json\/wp\/v2\/pages\/1982\/revisions\/2315"}],"wp:attachment":[{"href":"https:\/\/www.alteri.net\/fr\/wp-json\/wp\/v2\/media?parent=1982"}],"curies":[{"name":"wp","href":"https:\/\/api.w.org\/{rel}","templated":true}]}}