{"id":1970,"date":"2023-12-15T10:42:53","date_gmt":"2023-12-15T10:42:53","guid":{"rendered":"https:\/\/www.alteri.net\/processus\/"},"modified":"2026-01-19T16:09:46","modified_gmt":"2026-01-19T16:09:46","slug":"processus","status":"publish","type":"page","link":"https:\/\/www.alteri.net\/fr\/processus\/","title":{"rendered":"Processus"},"content":{"rendered":"<div  class='flex_column av-6w7tv-d7fff64264e7c7c678f606aa5f6a7992 av_two_fifth  avia-builder-el-0  avia-builder-el-no-sibling  first flex_column_div  '     ><section  class='av_textblock_section av-led183oh-27bd6514c7478267ce839ac4a3364c9d '   itemscope=\"itemscope\" itemtype=\"https:\/\/schema.org\/CreativeWork\" ><div class='avia_textblock'  itemprop=\"text\" ><h3>Accompagnement de processus<\/h3>\n<p>Nous accompagnons les processus en leur menant \u00e0 l&rsquo;autonomie, en particulier les approches pilotes ou les phases d&rsquo;autonomisation des projets. L&rsquo;accompagnement consiste \u00e0 permettre aux personnes et aux institutions de poursuivre leurs propres processus de mani\u00e8re durable et autonome.<\/p>\n<p>Voici quelques exemples typiques de notre travail :<\/p>\n<ul>\n<li>Accompagnement des processus d&rsquo;\u00e9quipe dans des phases de transformation pour des programmes transnationaux de coop\u00e9ration internationale<\/li>\n<li>Soutien au d\u00e9veloppement d&rsquo;\u00e9quipes lors de processus de fusion d&rsquo;entreprises dans l&rsquo;industrie entre \u00e9quipes allemandes et fran\u00e7aises<\/li>\n<li>Accompagnement du d\u00e9veloppement de nouveaux formats d&rsquo;\u00e9v\u00e9nements pour les partenariats municipaux<\/li>\n<li>Accompagnement de la cr\u00e9ation de r\u00e9seaux pour les conseillers en formation professionnelle au S\u00e9n\u00e9gal<\/li>\n<li>Accompagnement d&rsquo;une approche pilote pour des partenariats entre des entreprises artisanales d&rsquo;Allemagne, du Rwanda et de l&rsquo;Ouganda<\/li>\n<\/ul>\n<\/div><\/section><\/div>\n","protected":false},"excerpt":{"rendered":"","protected":false},"author":3,"featured_media":0,"parent":0,"menu_order":0,"comment_status":"closed","ping_status":"closed","template":"","meta":{"footnotes":""},"class_list":["post-1970","page","type-page","status-publish","hentry"],"_links":{"self":[{"href":"https:\/\/www.alteri.net\/fr\/wp-json\/wp\/v2\/pages\/1970","targetHints":{"allow":["GET"]}}],"collection":[{"href":"https:\/\/www.alteri.net\/fr\/wp-json\/wp\/v2\/pages"}],"about":[{"href":"https:\/\/www.alteri.net\/fr\/wp-json\/wp\/v2\/types\/page"}],"author":[{"embeddable":true,"href":"https:\/\/www.alteri.net\/fr\/wp-json\/wp\/v2\/users\/3"}],"replies":[{"embeddable":true,"href":"https:\/\/www.alteri.net\/fr\/wp-json\/wp\/v2\/comments?post=1970"}],"version-history":[{"count":10,"href":"https:\/\/www.alteri.net\/fr\/wp-json\/wp\/v2\/pages\/1970\/revisions"}],"predecessor-version":[{"id":2323,"href":"https:\/\/www.alteri.net\/fr\/wp-json\/wp\/v2\/pages\/1970\/revisions\/2323"}],"wp:attachment":[{"href":"https:\/\/www.alteri.net\/fr\/wp-json\/wp\/v2\/media?parent=1970"}],"curies":[{"name":"wp","href":"https:\/\/api.w.org\/{rel}","templated":true}]}}