{"id":1900,"date":"2023-12-14T17:55:43","date_gmt":"2023-12-14T17:55:43","guid":{"rendered":"https:\/\/www.alteri.net\/conseil\/"},"modified":"2026-01-19T16:08:30","modified_gmt":"2026-01-19T16:08:30","slug":"conseil","status":"publish","type":"page","link":"https:\/\/www.alteri.net\/fr\/conseil\/","title":{"rendered":"Conseil"},"content":{"rendered":"\n<style type=\"text\/css\" data-created_by=\"avia_inline_auto\" id=\"style-css-av-eof0b-c5aee101b760103d4e67e3533606e14e\">\n.flex_column.av-eof0b-c5aee101b760103d4e67e3533606e14e{\nborder-radius:0px 0px 0px 0px;\npadding:0px 0px 0px 0px;\n}\n<\/style>\n<div  class='flex_column av-eof0b-c5aee101b760103d4e67e3533606e14e av_two_fifth  avia-builder-el-0  avia-builder-el-no-sibling  first flex_column_div av-zero-column-padding  '     ><section  class='av_textblock_section av-9h03f-c9f03f890492b516316c6e8d3ea54219 '   itemscope=\"itemscope\" itemtype=\"https:\/\/schema.org\/CreativeWork\" ><div class='avia_textblock'  itemprop=\"text\" ><h3><strong>Conseil<\/strong><\/h3>\n<p>Nous conseillons des organisations de coop\u00e9ration au d\u00e9veloppement et d&rsquo;autres secteurs sur le plan du contenu et de la m\u00e9thodologie. Notre offre de conseil en mati\u00e8re de contenu comprend des th\u00e8mes transversaux tels que l&rsquo;\u00e9galit\u00e9 des genres, l&rsquo;approche des droits humains dans la coop\u00e9ration au d\u00e9veloppement et le principe Ne laisser personne de c\u00f4t\u00e9\/<em>Leave No-One Behind<\/em> (LNOB), ainsi que des th\u00e8mes sp\u00e9cialis\u00e9s tels que la formation professionnelle et la gouvernance.<\/p>\n<p>Sur le plan m\u00e9thodologique, nous vous conseillons et vous accompagnons lors de la planification strat\u00e9gique ou op\u00e9rationnelle, des processus de changement, du feedback dans le syst\u00e8me de collaboration, des processus de suivi et \u00e9valuation, de l&rsquo;introduction de nouveaux outils (par exemple des formats d&rsquo;apprentissage en ligne) ou de votre communication strat\u00e9gique.<\/p>\n<p>Voici quelques exemples de nos services de conseil :<\/p>\n<ul class=\"wp-block-list\">\n<li>Conseil au <a href=\"http:\/\/www.deval.org\/en\/\">DEval<\/a> sur l&rsquo;int\u00e9gration de modules sur les droits humains et le genre dans les ateliers de formation sur les processus d&rsquo;\u00e9valuation<\/li>\n<li>Conseil aux programmes globaux pour la mise en place de strat\u00e9gies de gestion des connaissances afin de garantir des r\u00e9sultats durables pour le compte de la GIZ GmbH<\/li>\n<li>\u00e9laboration conjointe d&rsquo;une <a href=\"https:\/\/www.giz.de\/de\/downloads\/giz2023-de-togo-prosecal-erfolgsgeschichten.pdf\">brochure de communication au public<\/a> pr\u00e9sentant des exemples de r\u00e9ussite d&rsquo;un programme de s\u00e9curit\u00e9 alimentaire et de renforcement de la r\u00e9silience au Togo<\/li>\n<li>Conseil au bureau de pays de la GIZ au Burkina Faso pour l&rsquo;ancrage du LNOB et de l&rsquo;approche des droits humains dans l&rsquo;ensemble du portefeuille<\/li>\n<li>Conseiller les projets de la GIZ dans l&rsquo;orientation de leur mod\u00e8le d&rsquo;impact vers l&rsquo;\u00e9galit\u00e9 des genres comme objectif principal<\/li>\n<li>Pr\u00e9paration d&rsquo;<em>analyses int\u00e9gr\u00e9es de la paix et des conflits<\/em> (iPCA) pour les projets de la GIZ au Cameroun, au Burkina Faso et pour les programmes transr\u00e9gionaux dans la r\u00e9gion du Sahel<\/li>\n<li>Conseil \u00e0 l&rsquo;Agence nationale pour la promotion de l&#8217;emploi des jeunes (ANPEJ) du S\u00e9n\u00e9gal pour le compte de la GIZ<\/li>\n<\/ul>\n<\/div><\/section><\/div>","protected":false},"excerpt":{"rendered":"","protected":false},"author":3,"featured_media":0,"parent":0,"menu_order":0,"comment_status":"closed","ping_status":"closed","template":"","meta":{"footnotes":""},"class_list":["post-1900","page","type-page","status-publish","hentry"],"_links":{"self":[{"href":"https:\/\/www.alteri.net\/fr\/wp-json\/wp\/v2\/pages\/1900","targetHints":{"allow":["GET"]}}],"collection":[{"href":"https:\/\/www.alteri.net\/fr\/wp-json\/wp\/v2\/pages"}],"about":[{"href":"https:\/\/www.alteri.net\/fr\/wp-json\/wp\/v2\/types\/page"}],"author":[{"embeddable":true,"href":"https:\/\/www.alteri.net\/fr\/wp-json\/wp\/v2\/users\/3"}],"replies":[{"embeddable":true,"href":"https:\/\/www.alteri.net\/fr\/wp-json\/wp\/v2\/comments?post=1900"}],"version-history":[{"count":25,"href":"https:\/\/www.alteri.net\/fr\/wp-json\/wp\/v2\/pages\/1900\/revisions"}],"predecessor-version":[{"id":2320,"href":"https:\/\/www.alteri.net\/fr\/wp-json\/wp\/v2\/pages\/1900\/revisions\/2320"}],"wp:attachment":[{"href":"https:\/\/www.alteri.net\/fr\/wp-json\/wp\/v2\/media?parent=1900"}],"curies":[{"name":"wp","href":"https:\/\/api.w.org\/{rel}","templated":true}]}}