{"id":1876,"date":"2023-12-14T17:30:44","date_gmt":"2023-12-14T17:30:44","guid":{"rendered":"https:\/\/www.alteri.net\/coaching\/"},"modified":"2026-01-18T12:55:50","modified_gmt":"2026-01-18T12:55:50","slug":"coaching","status":"publish","type":"page","link":"https:\/\/www.alteri.net\/fr\/coaching\/","title":{"rendered":"Coaching"},"content":{"rendered":"<div  class='flex_column av-8dsu1-4ce616f1227832443eeb8080da7c2ef5 av_two_fifth  avia-builder-el-0  avia-builder-el-no-sibling  first flex_column_div  '     ><section  class='av_textblock_section av-led040o3-7c015ec8eba146526da660cd68698e5c '   itemscope=\"itemscope\" itemtype=\"https:\/\/schema.org\/CreativeWork\" ><div class='avia_textblock'  itemprop=\"text\" ><h3>Coaching<\/h3>\n<p>Nous proposons un coaching individuel aux cadres sup\u00e9rieurs des organisations internationales ou du secteur priv\u00e9. Nous menons nos coachings aussi bien sur place qu&rsquo;en ligne.<\/p>\n<p>Voici quelques exemples r\u00e9cents de notre travail dans ce domaine :<\/p>\n<ul>\n<li>coaching ax\u00e9 sur la transformation pour les \u00e9quipes de direction confront\u00e9es \u00e0 des transitions, pour l&rsquo;industrie et pour la coop\u00e9ration au d\u00e9veloppement<\/li>\n<li>coachings \u00e0 orientation pratique pour la mise en \u0153uvre du principe <a href=\"https:\/\/unsdg.un.org\/2030-agenda\/universal-values\/leave-no-one-behind\" target=\"_blank\" rel=\"noopener\">LNOB<\/a> dans les projets de d\u00e9veloppement<\/li>\n<li>Coaching de femmes \u00e0 des postes de direction dans des institutions financi\u00e8res sur le continent africain<\/li>\n<li>Coaching de conseillers d&rsquo;orientation professionnelle au S\u00e9n\u00e9gal pour l&rsquo;introduction de m\u00e9thodes innovantes<\/li>\n<\/ul>\n<\/div><\/section><\/div>\n","protected":false},"excerpt":{"rendered":"","protected":false},"author":3,"featured_media":0,"parent":0,"menu_order":0,"comment_status":"closed","ping_status":"closed","template":"","meta":{"footnotes":""},"class_list":["post-1876","page","type-page","status-publish","hentry"],"_links":{"self":[{"href":"https:\/\/www.alteri.net\/fr\/wp-json\/wp\/v2\/pages\/1876","targetHints":{"allow":["GET"]}}],"collection":[{"href":"https:\/\/www.alteri.net\/fr\/wp-json\/wp\/v2\/pages"}],"about":[{"href":"https:\/\/www.alteri.net\/fr\/wp-json\/wp\/v2\/types\/page"}],"author":[{"embeddable":true,"href":"https:\/\/www.alteri.net\/fr\/wp-json\/wp\/v2\/users\/3"}],"replies":[{"embeddable":true,"href":"https:\/\/www.alteri.net\/fr\/wp-json\/wp\/v2\/comments?post=1876"}],"version-history":[{"count":3,"href":"https:\/\/www.alteri.net\/fr\/wp-json\/wp\/v2\/pages\/1876\/revisions"}],"predecessor-version":[{"id":2306,"href":"https:\/\/www.alteri.net\/fr\/wp-json\/wp\/v2\/pages\/1876\/revisions\/2306"}],"wp:attachment":[{"href":"https:\/\/www.alteri.net\/fr\/wp-json\/wp\/v2\/media?parent=1876"}],"curies":[{"name":"wp","href":"https:\/\/api.w.org\/{rel}","templated":true}]}}