{"id":1859,"date":"2023-12-14T16:28:11","date_gmt":"2023-12-14T16:28:11","guid":{"rendered":"https:\/\/www.alteri.net\/sous-site-moderation\/"},"modified":"2026-01-18T12:29:39","modified_gmt":"2026-01-18T12:29:39","slug":"sous-site-moderation","status":"publish","type":"page","link":"https:\/\/www.alteri.net\/fr\/sous-site-moderation\/","title":{"rendered":"sous-site mod\u00e9ration"},"content":{"rendered":"\n<style type=\"text\/css\" data-created_by=\"avia_inline_auto\" id=\"style-css-av-eof0b-8318e5bf256a2799ebb6a5fc774d275e\">\n.flex_column.av-eof0b-8318e5bf256a2799ebb6a5fc774d275e{\nborder-radius:0px 0px 0px 0px;\npadding:0px 0px 0px 0px;\n}\n<\/style>\n<div  class='flex_column av-eof0b-8318e5bf256a2799ebb6a5fc774d275e av_two_fifth  avia-builder-el-0  avia-builder-el-no-sibling  first flex_column_div av-zero-column-padding  '     ><section  class='av_textblock_section av-9h03f-26b79acf804a30f503859472838092e8 '   itemscope=\"itemscope\" itemtype=\"https:\/\/schema.org\/CreativeWork\" ><div class='avia_textblock'  itemprop=\"text\" ><h3>Mod\u00e9ration<\/h3>\n<p>Nous facilitons pour vous des conf\u00e9rences internationales, des \u00e9v\u00e9nements de r\u00e9seautage et des ateliers de strat\u00e9gie et de planification sur trois continents et en quatre langues. Que ce soit sur place ou en ligne. Nous vous soutenons \u00e9galement dans la planification strat\u00e9gique, la conception m\u00e9thodologique et la gestion op\u00e9rationnelle de votre \u00e9v\u00e9nement professionnel international.<\/p>\n<p>Voici quelques exemples r\u00e9cents de notre travail :<\/p>\n<ul>\n<li>Visites de d\u00e9l\u00e9gations internationales de haut niveau en vue de pr\u00e9parer la mise en \u0153uvre du <a href=\"https:\/\/www.ble.de\/EN\/Topics\/Forest-Timber\/forest-timber_node.html\">EUDR<\/a> pour l&rsquo;<a href=\"https:\/\/zerodeforestationhub.eu\/fr\/technical-summary-report-tei-eurotrip-eudr-in-practice-2\/\">EU Global Gateway<\/a><\/li>\n<li>conf\u00e9rences internationales sur les th\u00e8mes de <a href=\"https:\/\/www.youtube.com\/watch?v=dCSkEx1d7ko\">la s\u00e9curit\u00e9 alimentaire et du renforcement de la r\u00e9silience<\/a>, de la <a href=\"https:\/\/www.linkedin.com\/posts\/giz-tunisie_prosol-kew-dgacta-activity-7127703365337145344-E141\/?originalSubdomain=fr\">r\u00e9habilitation des sols<\/a> et des cha\u00eenes de valeur agricoles pour des projets globaux de la GIZ GmbH<\/li>\n<li>Formats d&rsquo;\u00e9change de connaissances et d&rsquo;apprentissage entre pairs sur un pied d&rsquo;\u00e9galit\u00e9 dans le cadre du programme mondial de <a href=\"https:\/\/www.youtube.com\/watch?v=iWCh134VilA\">protection et de r\u00e9habilitation des sols<\/a> de la GIZ GmbH.<\/li>\n<\/div><\/section><\/div>\n<\/ul>\n","protected":false},"excerpt":{"rendered":"","protected":false},"author":3,"featured_media":0,"parent":0,"menu_order":0,"comment_status":"closed","ping_status":"closed","template":"","meta":{"footnotes":""},"class_list":["post-1859","page","type-page","status-publish","hentry"],"_links":{"self":[{"href":"https:\/\/www.alteri.net\/fr\/wp-json\/wp\/v2\/pages\/1859","targetHints":{"allow":["GET"]}}],"collection":[{"href":"https:\/\/www.alteri.net\/fr\/wp-json\/wp\/v2\/pages"}],"about":[{"href":"https:\/\/www.alteri.net\/fr\/wp-json\/wp\/v2\/types\/page"}],"author":[{"embeddable":true,"href":"https:\/\/www.alteri.net\/fr\/wp-json\/wp\/v2\/users\/3"}],"replies":[{"embeddable":true,"href":"https:\/\/www.alteri.net\/fr\/wp-json\/wp\/v2\/comments?post=1859"}],"version-history":[{"count":3,"href":"https:\/\/www.alteri.net\/fr\/wp-json\/wp\/v2\/pages\/1859\/revisions"}],"predecessor-version":[{"id":2305,"href":"https:\/\/www.alteri.net\/fr\/wp-json\/wp\/v2\/pages\/1859\/revisions\/2305"}],"wp:attachment":[{"href":"https:\/\/www.alteri.net\/fr\/wp-json\/wp\/v2\/media?parent=1859"}],"curies":[{"name":"wp","href":"https:\/\/api.w.org\/{rel}","templated":true}]}}